{"id":10,"date":"2012-03-19T00:35:48","date_gmt":"2012-03-19T00:35:48","guid":{"rendered":"http:\/\/itecon.com.uy\/?page_id=10"},"modified":"2013-05-16T18:59:06","modified_gmt":"2013-05-16T18:59:06","slug":"inicio","status":"publish","type":"page","link":"https:\/\/itecon.com.uy\/?page_id=10","title":{"rendered":"Acerca de"},"content":{"rendered":"<p>Desde el a\u00f1o 1998 estamos trabajando para atender y satisfacer las necesidades de nuestros clientes usando principalmente tecnolog\u00eda de <a href=\"http:\/\/es.wikipedia.org\/wiki\/C%C3%B3digo_abierto\" target=\"_blank\">c\u00f3digo abierto<\/a> conjuntamente con el sistema operativo <a href=\"http:\/\/es.wikipedia.org\/wiki\/GNU\/Linux\" target=\"_blank\">GNU\/Linux<\/a>.<\/p>\n<p>Hemos optado por este sistema operativo como base para definir soluciones que puedan adecuarse a la realidad de cualquier empresa.<br \/>\nEs nuestro objetivo convertirnos en socio tecnol\u00f3gico de nuestros clientes para impulsar su desarrollo, facilitando el acceso a nuevas tecnolog\u00edas e intergrando las ya existentes.<\/p>\n<p>Desde el a\u00f1o 1995,\u00a0 junto a otros profesionales del \u00e1rea que conoc\u00edamos el sistema operativo UNIX, apostamos a que esta tecnolog\u00eda madurar\u00eda y florecer\u00eda.\u00a0\u00a0 Sin lugar a dudas, GNU\/Linux nos ha dotado de herramientas para dar soluciones estables, confiables y duraderas para las empresas.<\/p>\n<p>El sistema operativo GNU\/Linux y las aplicaciones que tienen <a href=\"http:\/\/es.wikipedia.org\/wiki\/GPL\" target=\"_blank\">licencia GPL<\/a>\u00a0 tienen costo cero, permitiendo su instalaci\u00f3n sin incurrir en gastos por concepto de licencias.\u00a0\u00a0\u00a0\u00a0\u00a0 Esto permite que la empresa invierta su capital en la soluci\u00f3n en s\u00ed\u00a0 y no en el software base necesario para llegar a ella.<\/p>\n<p>Algunos de nuestros <a href=\"http:\/\/itecon.com.uy\/?page_id=59\">servicios<\/a> :<\/p>\n<ul>\n<li>Registraci\u00f3n y hosting de dominios<\/li>\n<li>Dise\u00f1o, configuraci\u00f3n y administraci\u00f3n de redes<\/li>\n<li>Configuraci\u00f3n y administraci\u00f3n de servidores Linux p\u00fablicos y privados<\/li>\n<li>Configuraci\u00f3n y administraci\u00f3n de puestos de trabajo Linux<\/li>\n<li>Configuraci\u00f3n y administraci\u00f3n de Entornos virtuales<\/li>\n<li>Migraci\u00f3n de Data Centers y entornos de trabajo<\/li>\n<li>Desarrollo de aplicaciones<\/li>\n<\/ul>\n<p>Por m\u00e1s detalles o consultas <a href=\"http:\/\/itecon.com.uy\/?page_id=8\">cont\u00e1ctenos<\/a>.<\/p>\n","protected":false},"excerpt":{"rendered":"<p>Desde el a\u00f1o 1998 estamos trabajando para atender y satisfacer las necesidades de nuestros clientes usando principalmente tecnolog\u00eda de c\u00f3digo abierto conjuntamente con el sistema operativo GNU\/Linux. Hemos optado por este sistema operativo como base para definir soluciones que puedan adecuarse a la realidad de cualquier empresa. Es nuestro objetivo convertirnos en socio tecnol\u00f3gico de [&hellip;]<\/p>\n","protected":false},"author":1,"featured_media":0,"parent":0,"menu_order":0,"comment_status":"closed","ping_status":"closed","template":"","meta":{"footnotes":""},"class_list":["post-10","page","type-page","status-publish","hentry"],"_links":{"self":[{"href":"https:\/\/itecon.com.uy\/index.php?rest_route=\/wp\/v2\/pages\/10","targetHints":{"allow":["GET"]}}],"collection":[{"href":"https:\/\/itecon.com.uy\/index.php?rest_route=\/wp\/v2\/pages"}],"about":[{"href":"https:\/\/itecon.com.uy\/index.php?rest_route=\/wp\/v2\/types\/page"}],"author":[{"embeddable":true,"href":"https:\/\/itecon.com.uy\/index.php?rest_route=\/wp\/v2\/users\/1"}],"replies":[{"embeddable":true,"href":"https:\/\/itecon.com.uy\/index.php?rest_route=%2Fwp%2Fv2%2Fcomments&post=10"}],"version-history":[{"count":3,"href":"https:\/\/itecon.com.uy\/index.php?rest_route=\/wp\/v2\/pages\/10\/revisions"}],"predecessor-version":[{"id":189,"href":"https:\/\/itecon.com.uy\/index.php?rest_route=\/wp\/v2\/pages\/10\/revisions\/189"}],"wp:attachment":[{"href":"https:\/\/itecon.com.uy\/index.php?rest_route=%2Fwp%2Fv2%2Fmedia&parent=10"}],"curies":[{"name":"wp","href":"https:\/\/api.w.org\/{rel}","templated":true}]}}