{"id":47,"date":"2012-03-23T21:30:13","date_gmt":"2012-03-23T21:30:13","guid":{"rendered":"http:\/\/itecon.com.uy\/?page_id=47"},"modified":"2018-06-07T13:19:08","modified_gmt":"2018-06-07T16:19:08","slug":"creditos","status":"publish","type":"page","link":"https:\/\/itecon.com.uy\/?page_id=47","title":{"rendered":"Cr\u00e9ditos"},"content":{"rendered":"<p>Este sitio fue construido con el CMS <a href=\"http:\/\/www.wordpress.org\">WordPress<\/a> usando el tema iBlog dise\u00f1ado por<a href=\"http:\/\/www.pagelines.com\"> pagelines<\/a>.<br \/>\nEl sistema operativo base es <a href=\"http:\/\/www.linuxfoundation.org\/\">Linux<\/a>.<br \/>\nEl logo del Ping\u00fcino fue tomado de <a href=\"http:\/\/www.knowplace.org\/pages\/oddities\/linux_peng_logo.php\" target=\"_blank\" rel=\"noopener\">Linux Peng Logo<\/a> dise\u00f1ado por Shane Chen.<\/p>\n","protected":false},"excerpt":{"rendered":"<p>Este sitio fue construido con el CMS WordPress usando el tema iBlog dise\u00f1ado por pagelines. El sistema operativo base es Linux. El logo del Ping\u00fcino fue tomado de Linux Peng Logo dise\u00f1ado por Shane Chen.<\/p>\n","protected":false},"author":1,"featured_media":0,"parent":0,"menu_order":10,"comment_status":"closed","ping_status":"closed","template":"","meta":{"footnotes":""},"class_list":["post-47","page","type-page","status-publish","hentry"],"_links":{"self":[{"href":"https:\/\/itecon.com.uy\/index.php?rest_route=\/wp\/v2\/pages\/47","targetHints":{"allow":["GET"]}}],"collection":[{"href":"https:\/\/itecon.com.uy\/index.php?rest_route=\/wp\/v2\/pages"}],"about":[{"href":"https:\/\/itecon.com.uy\/index.php?rest_route=\/wp\/v2\/types\/page"}],"author":[{"embeddable":true,"href":"https:\/\/itecon.com.uy\/index.php?rest_route=\/wp\/v2\/users\/1"}],"replies":[{"embeddable":true,"href":"https:\/\/itecon.com.uy\/index.php?rest_route=%2Fwp%2Fv2%2Fcomments&post=47"}],"version-history":[{"count":1,"href":"https:\/\/itecon.com.uy\/index.php?rest_route=\/wp\/v2\/pages\/47\/revisions"}],"predecessor-version":[{"id":325,"href":"https:\/\/itecon.com.uy\/index.php?rest_route=\/wp\/v2\/pages\/47\/revisions\/325"}],"wp:attachment":[{"href":"https:\/\/itecon.com.uy\/index.php?rest_route=%2Fwp%2Fv2%2Fmedia&parent=47"}],"curies":[{"name":"wp","href":"https:\/\/api.w.org\/{rel}","templated":true}]}}